{"id":3128,"date":"2024-03-26T07:45:21","date_gmt":"2024-03-26T07:45:21","guid":{"rendered":"https:\/\/movisprivatetours.com\/countries\/"},"modified":"2025-03-24T14:39:03","modified_gmt":"2025-03-24T14:39:03","slug":"paises","status":"publish","type":"page","link":"https:\/\/movisprivatetours.com\/es\/paises\/","title":{"rendered":"Countries"},"content":{"rendered":"","protected":false},"excerpt":{"rendered":"","protected":false},"author":1,"featured_media":0,"parent":0,"menu_order":0,"comment_status":"closed","ping_status":"closed","template":"countries.php","meta":{"_acf_changed":false,"inline_featured_image":false,"footnotes":""},"class_list":["post-3128","page","type-page","status-publish","hentry"],"acf":[],"yoast_head":"<!-- This site is optimized with the Yoast SEO plugin v27.2 - https:\/\/yoast.com\/product\/yoast-seo-wordpress\/ -->\n<title>Pa\u00edses \u2013 Explora Nuestros Destinos en Europa \u2013 Movis<\/title>\n<meta name=\"description\" content=\"Descubre los diversos pa\u00edses europeos donde ofrecemos tours personalizados, desde los Alpes hasta el Adri\u00e1tico. Planifica tu pr\u00f3xima aventura con Movis.\" \/>\n<meta name=\"robots\" content=\"index, follow, max-snippet:-1, max-image-preview:large, max-video-preview:-1\" \/>\n<link rel=\"canonical\" href=\"https:\/\/movisprivatetours.com\/es\/paises\/\" \/>\n<meta property=\"og:locale\" content=\"es_ES\" \/>\n<meta property=\"og:type\" content=\"article\" \/>\n<meta property=\"og:title\" content=\"Pa\u00edses \u2013 Explora Nuestros Destinos en Europa \u2013 Movis\" \/>\n<meta property=\"og:description\" content=\"Descubre los diversos pa\u00edses europeos donde ofrecemos tours personalizados, desde los Alpes hasta el Adri\u00e1tico. Planifica tu pr\u00f3xima aventura con Movis.\" \/>\n<meta property=\"og:url\" content=\"https:\/\/movisprivatetours.com\/es\/paises\/\" \/>\n<meta property=\"og:site_name\" content=\"Movis\" \/>\n<meta property=\"article:publisher\" content=\"https:\/\/www.facebook.com\/MovisPrivateTours\" \/>\n<meta property=\"article:modified_time\" content=\"2025-03-24T14:39:03+00:00\" \/>\n<meta name=\"twitter:card\" content=\"summary_large_image\" \/>\n<script type=\"application\/ld+json\" class=\"yoast-schema-graph\">{\"@context\":\"https:\/\/schema.org\",\"@graph\":[{\"@type\":\"WebPage\",\"@id\":\"https:\/\/movisprivatetours.com\/es\/paises\/\",\"url\":\"https:\/\/movisprivatetours.com\/es\/paises\/\",\"name\":\"Pa\u00edses \u2013 Explora Nuestros Destinos en Europa \u2013 Movis\",\"isPartOf\":{\"@id\":\"https:\/\/movisprivatetours.com\/#website\"},\"datePublished\":\"2024-03-26T07:45:21+00:00\",\"dateModified\":\"2025-03-24T14:39:03+00:00\",\"description\":\"Descubre los diversos pa\u00edses europeos donde ofrecemos tours personalizados, desde los Alpes hasta el Adri\u00e1tico. Planifica tu pr\u00f3xima aventura con Movis.\",\"breadcrumb\":{\"@id\":\"https:\/\/movisprivatetours.com\/es\/paises\/#breadcrumb\"},\"inLanguage\":\"es\",\"potentialAction\":[{\"@type\":\"ReadAction\",\"target\":[\"https:\/\/movisprivatetours.com\/es\/paises\/\"]}]},{\"@type\":\"BreadcrumbList\",\"@id\":\"https:\/\/movisprivatetours.com\/es\/paises\/#breadcrumb\",\"itemListElement\":[{\"@type\":\"ListItem\",\"position\":1,\"name\":\"Home\",\"item\":\"https:\/\/movisprivatetours.com\/es\/\"},{\"@type\":\"ListItem\",\"position\":2,\"name\":\"Countries\"}]},{\"@type\":\"WebSite\",\"@id\":\"https:\/\/movisprivatetours.com\/#website\",\"url\":\"https:\/\/movisprivatetours.com\/\",\"name\":\"Movis Private Tours\",\"description\":\"Cada tour con Movis Private Tours es privado.\",\"publisher\":{\"@id\":\"https:\/\/movisprivatetours.com\/#organization\"},\"potentialAction\":[{\"@type\":\"SearchAction\",\"target\":{\"@type\":\"EntryPoint\",\"urlTemplate\":\"https:\/\/movisprivatetours.com\/?s={search_term_string}\"},\"query-input\":{\"@type\":\"PropertyValueSpecification\",\"valueRequired\":true,\"valueName\":\"search_term_string\"}}],\"inLanguage\":\"es\"},{\"@type\":\"Organization\",\"@id\":\"https:\/\/movisprivatetours.com\/#organization\",\"name\":\"Movis Viajes privados\",\"url\":\"https:\/\/movisprivatetours.com\/\",\"logo\":{\"@type\":\"ImageObject\",\"inLanguage\":\"es\",\"@id\":\"https:\/\/movisprivatetours.com\/#\/schema\/logo\/image\/\",\"url\":\"https:\/\/movisprivatetours.com\/wp-content\/uploads\/2024\/02\/logo1.svg\",\"contentUrl\":\"https:\/\/movisprivatetours.com\/wp-content\/uploads\/2024\/02\/logo1.svg\",\"width\":150,\"height\":150,\"caption\":\"Movis Viajes privados\"},\"image\":{\"@id\":\"https:\/\/movisprivatetours.com\/#\/schema\/logo\/image\/\"},\"sameAs\":[\"https:\/\/www.facebook.com\/MovisPrivateTours\"]}]}<\/script>\n<!-- \/ Yoast SEO plugin. -->","yoast_head_json":{"title":"Pa\u00edses \u2013 Explora Nuestros Destinos en Europa \u2013 Movis","description":"Descubre los diversos pa\u00edses europeos donde ofrecemos tours personalizados, desde los Alpes hasta el Adri\u00e1tico. Planifica tu pr\u00f3xima aventura con Movis.","robots":{"index":"index","follow":"follow","max-snippet":"max-snippet:-1","max-image-preview":"max-image-preview:large","max-video-preview":"max-video-preview:-1"},"canonical":"https:\/\/movisprivatetours.com\/es\/paises\/","og_locale":"es_ES","og_type":"article","og_title":"Pa\u00edses \u2013 Explora Nuestros Destinos en Europa \u2013 Movis","og_description":"Descubre los diversos pa\u00edses europeos donde ofrecemos tours personalizados, desde los Alpes hasta el Adri\u00e1tico. Planifica tu pr\u00f3xima aventura con Movis.","og_url":"https:\/\/movisprivatetours.com\/es\/paises\/","og_site_name":"Movis","article_publisher":"https:\/\/www.facebook.com\/MovisPrivateTours","article_modified_time":"2025-03-24T14:39:03+00:00","twitter_card":"summary_large_image","schema":{"@context":"https:\/\/schema.org","@graph":[{"@type":"WebPage","@id":"https:\/\/movisprivatetours.com\/es\/paises\/","url":"https:\/\/movisprivatetours.com\/es\/paises\/","name":"Pa\u00edses \u2013 Explora Nuestros Destinos en Europa \u2013 Movis","isPartOf":{"@id":"https:\/\/movisprivatetours.com\/#website"},"datePublished":"2024-03-26T07:45:21+00:00","dateModified":"2025-03-24T14:39:03+00:00","description":"Descubre los diversos pa\u00edses europeos donde ofrecemos tours personalizados, desde los Alpes hasta el Adri\u00e1tico. Planifica tu pr\u00f3xima aventura con Movis.","breadcrumb":{"@id":"https:\/\/movisprivatetours.com\/es\/paises\/#breadcrumb"},"inLanguage":"es","potentialAction":[{"@type":"ReadAction","target":["https:\/\/movisprivatetours.com\/es\/paises\/"]}]},{"@type":"BreadcrumbList","@id":"https:\/\/movisprivatetours.com\/es\/paises\/#breadcrumb","itemListElement":[{"@type":"ListItem","position":1,"name":"Home","item":"https:\/\/movisprivatetours.com\/es\/"},{"@type":"ListItem","position":2,"name":"Countries"}]},{"@type":"WebSite","@id":"https:\/\/movisprivatetours.com\/#website","url":"https:\/\/movisprivatetours.com\/","name":"Movis Private Tours","description":"Cada tour con Movis Private Tours es privado.","publisher":{"@id":"https:\/\/movisprivatetours.com\/#organization"},"potentialAction":[{"@type":"SearchAction","target":{"@type":"EntryPoint","urlTemplate":"https:\/\/movisprivatetours.com\/?s={search_term_string}"},"query-input":{"@type":"PropertyValueSpecification","valueRequired":true,"valueName":"search_term_string"}}],"inLanguage":"es"},{"@type":"Organization","@id":"https:\/\/movisprivatetours.com\/#organization","name":"Movis Viajes privados","url":"https:\/\/movisprivatetours.com\/","logo":{"@type":"ImageObject","inLanguage":"es","@id":"https:\/\/movisprivatetours.com\/#\/schema\/logo\/image\/","url":"https:\/\/movisprivatetours.com\/wp-content\/uploads\/2024\/02\/logo1.svg","contentUrl":"https:\/\/movisprivatetours.com\/wp-content\/uploads\/2024\/02\/logo1.svg","width":150,"height":150,"caption":"Movis Viajes privados"},"image":{"@id":"https:\/\/movisprivatetours.com\/#\/schema\/logo\/image\/"},"sameAs":["https:\/\/www.facebook.com\/MovisPrivateTours"]}]}},"_links":{"self":[{"href":"https:\/\/movisprivatetours.com\/es\/wp-json\/wp\/v2\/pages\/3128","targetHints":{"allow":["GET"]}}],"collection":[{"href":"https:\/\/movisprivatetours.com\/es\/wp-json\/wp\/v2\/pages"}],"about":[{"href":"https:\/\/movisprivatetours.com\/es\/wp-json\/wp\/v2\/types\/page"}],"author":[{"embeddable":true,"href":"https:\/\/movisprivatetours.com\/es\/wp-json\/wp\/v2\/users\/1"}],"replies":[{"embeddable":true,"href":"https:\/\/movisprivatetours.com\/es\/wp-json\/wp\/v2\/comments?post=3128"}],"version-history":[{"count":1,"href":"https:\/\/movisprivatetours.com\/es\/wp-json\/wp\/v2\/pages\/3128\/revisions"}],"predecessor-version":[{"id":3440,"href":"https:\/\/movisprivatetours.com\/es\/wp-json\/wp\/v2\/pages\/3128\/revisions\/3440"}],"wp:attachment":[{"href":"https:\/\/movisprivatetours.com\/es\/wp-json\/wp\/v2\/media?parent=3128"}],"curies":[{"name":"wp","href":"https:\/\/api.w.org\/{rel}","templated":true}]}}